{"id":2085,"date":"2019-10-31T11:44:30","date_gmt":"2019-10-31T10:44:30","guid":{"rendered":"https:\/\/lafignette.com\/rechtliche-hinweise\/"},"modified":"2023-07-28T14:38:32","modified_gmt":"2023-07-28T12:38:32","slug":"rechtliche-hinweise","status":"publish","type":"page","link":"https:\/\/lafignette.com\/de\/rechtliche-hinweise\/","title":{"rendered":"rechtliche Hinweise"},"content":{"rendered":"<h1>Rechtliche Hinweise<\/h1>\n<p>HSAC<\/p>\n<p>3 rue du Foss\u00e9 des Tanneurs (Gerbergraben)<\/p>\n<p>67000 Stra\u00dfburg<\/p>\n<p>&nbsp;<\/p>\n<p>Status: SAS<\/p>\n<p>Siret: 829 943 208 00027<\/p>\n<p>APE: 5610 A<\/p>\n<p>Intrakommunale Mehrwertsteuer: FR74829943208<\/p>\n<p>Verantwortlich f\u00fcr die Ver\u00f6ffentlichung der Website: St\u00e9phien Naili<\/p>\n<p>Kontakt \u00fcber 03 88 32 91 82<\/p>\n<p>&nbsp;<\/p>\n<h2>Hosting der Seite<\/h2>\n<p>OVH NET<\/p>\n<p>140, quai du Sartel, 59100 Roubaix<\/p>\n<p><strong>Kontaktinformationen :  <\/strong><\/p>\n<p>+33 8 99 70 17 61<\/p>\n<p>tech@ovh.net<\/p>\n<p>&nbsp;<\/p>\n<h2 data-fontsize=\"35\" data-lineheight=\"52\">Verwendung von Cookies<\/h2>\n<p class=\"Normal-justifi\">lafignette.com verwendet Cookies. Dadurch kann die Website auf Informationen zugreifen, die bereits auf Ihrem Computer\/Mobiltelefon gespeichert sind, und Informationen in diesen Computer\/Mobiltelefon eintragen.<\/p>\n<p class=\"Normal-justifi\">Die Website verwendet ausschlie\u00dflich Cookies, die nicht Ihre vorherige Zustimmung erfordern.<\/p>\n<p class=\"Normal-justifi\">Wir verwenden diese Tracker, um anonyme Besuchsstatistiken zu erstellen und Ihre Online-Erfahrung zu verbessern.<\/p>\n<p class=\"Normal-justifi\">Diese Cookies k\u00f6nnen auf der Website nicht deaktiviert werden, aber Sie k\u00f6nnen ihre Verwendung durch entsprechende Einstellungen in Ihrem Browser verhindern. Diese Einstellung h\u00e4ngt von dem Browser ab, den Sie verwenden: Grunds\u00e4tzlich k\u00f6nnen Sie entweder eine Funktion f\u00fcr privates Surfen aktivieren oder nur Tracker (Cookies) verbieten oder einschr\u00e4nken. Achtung: Es kann sein, dass vor der Einstellung Ihres Browsers Tracker auf Ihrem Ger\u00e4t gespeichert wurden: L\u00f6schen Sie in diesem Fall Ihren Browserverlauf, ebenfalls mithilfe der Einstellung Ihres Browsers.<\/p>\n<p class=\"Normal-justifi\">Die Verwendung von Trackern unterliegt Artikel 32 II des Gesetzes Nr. 78-17 vom 6. Januar 1978, mit dem Artikel 5.3 der Richtlinie 2002\/58\/EG des Europ\u00e4ischen Parlaments und des Rates vom 12. Juli 2002 in der durch die Richtlinie 2009\/136\/EG ge\u00e4nderten Fassung umgesetzt wird.<\/p>\n<p class=\"Normal-justifi\">Um mehr \u00fcber Cookies und Tracker zu erfahren, verweisen wir auf die Website der CNIL: www.cnil.fr.<\/p>\n<p>&nbsp;<\/p>\n","protected":false},"excerpt":{"rendered":"<p>Rechtliche Hinweise HSAC 3 rue du Foss\u00e9 des Tanneurs (Gerbergraben)  [&#8230;]<\/p>\n","protected":false},"author":3,"featured_media":0,"parent":0,"menu_order":0,"comment_status":"closed","ping_status":"closed","template":"","meta":{"footnotes":""},"class_list":["post-2085","page","type-page","status-publish","hentry"],"yoast_head":"<!-- This site is optimized with the Yoast SEO plugin v27.5 - https:\/\/yoast.com\/product\/yoast-seo-wordpress\/ -->\n<title>rechtliche Hinweise - LA FIGNETTE<\/title>\n<meta name=\"robots\" content=\"index, follow, max-snippet:-1, max-image-preview:large, max-video-preview:-1\" \/>\n<link rel=\"canonical\" href=\"https:\/\/lafignette.com\/de\/?page_id=2085\" \/>\n<meta property=\"og:locale\" content=\"de_DE\" \/>\n<meta property=\"og:type\" content=\"article\" \/>\n<meta property=\"og:title\" content=\"rechtliche Hinweise - LA FIGNETTE\" \/>\n<meta property=\"og:description\" content=\"Rechtliche Hinweise HSAC 3 rue du Foss\u00e9 des Tanneurs (Gerbergraben) [...]\" \/>\n<meta property=\"og:url\" content=\"https:\/\/lafignette.com\/de\/?page_id=2085\" \/>\n<meta property=\"og:site_name\" content=\"LA FIGNETTE\" \/>\n<meta property=\"article:modified_time\" content=\"2023-07-28T12:38:32+00:00\" \/>\n<meta name=\"twitter:card\" content=\"summary_large_image\" \/>\n<meta name=\"twitter:label1\" content=\"Gesch\u00e4tzte Lesezeit\" \/>\n\t<meta name=\"twitter:data1\" content=\"1\u00a0Minute\" \/>\n<script type=\"application\/ld+json\" class=\"yoast-schema-graph\">{\"@context\":\"https:\\\/\\\/schema.org\",\"@graph\":[{\"@type\":\"WebPage\",\"@id\":\"https:\\\/\\\/lafignette.com\\\/de\\\/?page_id=2085\",\"url\":\"https:\\\/\\\/lafignette.com\\\/de\\\/?page_id=2085\",\"name\":\"rechtliche Hinweise - LA FIGNETTE\",\"isPartOf\":{\"@id\":\"https:\\\/\\\/lafignette.com\\\/#website\"},\"datePublished\":\"2019-10-31T10:44:30+00:00\",\"dateModified\":\"2023-07-28T12:38:32+00:00\",\"breadcrumb\":{\"@id\":\"https:\\\/\\\/lafignette.com\\\/de\\\/?page_id=2085#breadcrumb\"},\"inLanguage\":\"de\",\"potentialAction\":[{\"@type\":\"ReadAction\",\"target\":[\"https:\\\/\\\/lafignette.com\\\/de\\\/?page_id=2085\"]}]},{\"@type\":\"BreadcrumbList\",\"@id\":\"https:\\\/\\\/lafignette.com\\\/de\\\/?page_id=2085#breadcrumb\",\"itemListElement\":[{\"@type\":\"ListItem\",\"position\":1,\"name\":\"Accueil\",\"item\":\"https:\\\/\\\/lafignette.com\\\/de\\\/startseite\\\/\"},{\"@type\":\"ListItem\",\"position\":2,\"name\":\"rechtliche Hinweise\"}]},{\"@type\":\"WebSite\",\"@id\":\"https:\\\/\\\/lafignette.com\\\/#website\",\"url\":\"https:\\\/\\\/lafignette.com\\\/\",\"name\":\"LA FIGNETTE\",\"description\":\"Bistrot \u00e0 l&#039;accent alsacien\",\"potentialAction\":[{\"@type\":\"SearchAction\",\"target\":{\"@type\":\"EntryPoint\",\"urlTemplate\":\"https:\\\/\\\/lafignette.com\\\/?s={search_term_string}\"},\"query-input\":{\"@type\":\"PropertyValueSpecification\",\"valueRequired\":true,\"valueName\":\"search_term_string\"}}],\"inLanguage\":\"de\"}]}<\/script>\n<!-- \/ Yoast SEO plugin. -->","yoast_head_json":{"title":"rechtliche Hinweise - LA FIGNETTE","robots":{"index":"index","follow":"follow","max-snippet":"max-snippet:-1","max-image-preview":"max-image-preview:large","max-video-preview":"max-video-preview:-1"},"canonical":"https:\/\/lafignette.com\/de\/?page_id=2085","og_locale":"de_DE","og_type":"article","og_title":"rechtliche Hinweise - LA FIGNETTE","og_description":"Rechtliche Hinweise HSAC 3 rue du Foss\u00e9 des Tanneurs (Gerbergraben) [...]","og_url":"https:\/\/lafignette.com\/de\/?page_id=2085","og_site_name":"LA FIGNETTE","article_modified_time":"2023-07-28T12:38:32+00:00","twitter_card":"summary_large_image","twitter_misc":{"Gesch\u00e4tzte Lesezeit":"1\u00a0Minute"},"schema":{"@context":"https:\/\/schema.org","@graph":[{"@type":"WebPage","@id":"https:\/\/lafignette.com\/de\/?page_id=2085","url":"https:\/\/lafignette.com\/de\/?page_id=2085","name":"rechtliche Hinweise - LA FIGNETTE","isPartOf":{"@id":"https:\/\/lafignette.com\/#website"},"datePublished":"2019-10-31T10:44:30+00:00","dateModified":"2023-07-28T12:38:32+00:00","breadcrumb":{"@id":"https:\/\/lafignette.com\/de\/?page_id=2085#breadcrumb"},"inLanguage":"de","potentialAction":[{"@type":"ReadAction","target":["https:\/\/lafignette.com\/de\/?page_id=2085"]}]},{"@type":"BreadcrumbList","@id":"https:\/\/lafignette.com\/de\/?page_id=2085#breadcrumb","itemListElement":[{"@type":"ListItem","position":1,"name":"Accueil","item":"https:\/\/lafignette.com\/de\/startseite\/"},{"@type":"ListItem","position":2,"name":"rechtliche Hinweise"}]},{"@type":"WebSite","@id":"https:\/\/lafignette.com\/#website","url":"https:\/\/lafignette.com\/","name":"LA FIGNETTE","description":"Bistrot \u00e0 l&#039;accent alsacien","potentialAction":[{"@type":"SearchAction","target":{"@type":"EntryPoint","urlTemplate":"https:\/\/lafignette.com\/?s={search_term_string}"},"query-input":{"@type":"PropertyValueSpecification","valueRequired":true,"valueName":"search_term_string"}}],"inLanguage":"de"}]}},"_links":{"self":[{"href":"https:\/\/lafignette.com\/de\/wp-json\/wp\/v2\/pages\/2085","targetHints":{"allow":["GET"]}}],"collection":[{"href":"https:\/\/lafignette.com\/de\/wp-json\/wp\/v2\/pages"}],"about":[{"href":"https:\/\/lafignette.com\/de\/wp-json\/wp\/v2\/types\/page"}],"author":[{"embeddable":true,"href":"https:\/\/lafignette.com\/de\/wp-json\/wp\/v2\/users\/3"}],"replies":[{"embeddable":true,"href":"https:\/\/lafignette.com\/de\/wp-json\/wp\/v2\/comments?post=2085"}],"version-history":[{"count":1,"href":"https:\/\/lafignette.com\/de\/wp-json\/wp\/v2\/pages\/2085\/revisions"}],"predecessor-version":[{"id":2088,"href":"https:\/\/lafignette.com\/de\/wp-json\/wp\/v2\/pages\/2085\/revisions\/2088"}],"wp:attachment":[{"href":"https:\/\/lafignette.com\/de\/wp-json\/wp\/v2\/media?parent=2085"}],"curies":[{"name":"wp","href":"https:\/\/api.w.org\/{rel}","templated":true}]}}