{"id":2099,"date":"2018-03-16T11:21:02","date_gmt":"2018-03-16T10:21:02","guid":{"rendered":"https:\/\/lafignette.com\/das-restaurant\/"},"modified":"2023-11-28T18:11:45","modified_gmt":"2023-11-28T17:11:45","slug":"das-restaurant","status":"publish","type":"page","link":"https:\/\/lafignette.com\/de\/das-restaurant\/","title":{"rendered":"DAS RESTAURANT"},"content":{"rendered":"<p><div class=\"fusion-fullwidth fullwidth-box fusion-builder-row-1 nonhundred-percent-fullwidth non-hundred-percent-height-scrolling fusion-equal-height-columns fusion-no-small-visibility fusion-no-medium-visibility\" style=\"--awb-border-radius-top-left:0px;--awb-border-radius-top-right:0px;--awb-border-radius-bottom-right:0px;--awb-border-radius-bottom-left:0px;--awb-flex-wrap:wrap;\" ><div class=\"fusion-builder-row fusion-row\"><div class=\"fusion-layout-column fusion_builder_column fusion-builder-column-0 fusion_builder_column_1_1 1_1 fusion-one-full fusion-column-first fusion-column-last fusion-column-no-min-height\" style=\"--awb-bg-size:cover;\"><div class=\"fusion-column-wrapper fusion-flex-column-wrapper-legacy\"><div class=\"fusion-text fusion-text-1\"><h1 style=\"text-align: center;\">Das Restaurant<\/h1>\n<\/div><div class=\"fusion-text fusion-text-2\"><h2 style=\"text-align: center;\">Man isst dort genauso viel wie man lebt.<\/h2>\n<\/div><div class=\"fusion-sep-clear\"><\/div><div class=\"fusion-separator fusion-full-width-sep\" style=\"margin-left: auto;margin-right: auto;margin-top:50px;width:100%;\"><\/div><div class=\"fusion-sep-clear\"><\/div><div class=\"fusion-clearfix\"><\/div><\/div><\/div><div class=\"fusion-layout-column fusion_builder_column fusion-builder-column-1 fusion_builder_column_1_2 1_2 fusion-one-half fusion-column-first\" style=\"--awb-bg-size:cover;width:50%;width:calc(50% - ( ( 4% ) * 0.5 ) );margin-right: 4%;\"><div class=\"fusion-column-wrapper fusion-flex-column-wrapper-legacy\"><div class=\"fusion-column-content-centered\"><div class=\"fusion-column-content\"><div class=\"fusion-text fusion-text-3\"><p>Willkommen in La Fignette! Die authentischen K\u00f6stlichkeiten der Region warten auf Sie! Tauchen Sie ein in eine warme und freundliche Atmosph\u00e4re, in der die perfekte Kombination aus Geschmack und kulinarischen Traditionen Sie in das Herz des Elsass entf\u00fchrt.<\/p>\n<p>Sobald Sie durch die T\u00fcr treten, werden Sie vom Holzfeuer und den verlockenden Aromen der frisch vor Ihren Augen zubereiteten Flammkuchen empfangen. Ihr d\u00fcnner, knuspriger, perfekt ausgerollter Teigboden wird mit gro\u00dfz\u00fcgigen, sorgf\u00e4ltig ausgew\u00e4hlten regionalen Zutaten belegt. Stellen Sie sich vor, Sie genie\u00dfen den traditionellen klassischen Flammekueche mit seiner herzhaften F\u00fcllung aus saurer Sahne, fein geschnittenen Zwiebeln und ger\u00e4uchertem Speck, die bei jedem Bissen k\u00f6stlich im Mund zergehen. Die Optionen sind vielf\u00e4ltig und k\u00f6stlich, von klassischen Kreationen bis hin zu ausgefallenen Variationen, die alle mit akribischer Liebe zum Detail und frischen Zutaten zubereitet werden.<\/p>\n<p>Das Restaurant bietet au\u00dferdem eine gro\u00dfe Auswahl an anderen lokalen oder originellen Spezialit\u00e4ten, um jeden Gaumen zu befriedigen.<\/p>\n<p>Um diese K\u00f6stlichkeiten zu begleiten, bietet Ihnen die Weinkarte eine raffinierte Auswahl an renommierten els\u00e4ssischen Weinen. Sie k\u00f6nnen fruchtige Wei\u00dfweine wie Gew\u00fcrztraminer oder Riesling probieren, die perfekt zu den reichhaltigen und robusten Aromen der els\u00e4ssischen Gerichte passen.<\/p>\n<p>Das Ambiente des La Fignette ist eine harmonische Mischung aus Tradition und Gem\u00fctlichkeit, mit aufmerksamen und l\u00e4chelnden Mitarbeitern, die Sie gerne durch dieses einzigartige kulinarische Erlebnis f\u00fchren. Ob f\u00fcr ein Abendessen mit der Familie, einen Abend mit Freunden oder einen romantischen Ausflug, dieses els\u00e4ssische Restaurant verspricht Ihnen ein unvergessliches Geschmackserlebnis in einer charmanten und authentischen Umgebung.<\/p>\n<p>Lehnen Sie sich also zur\u00fcck, lassen Sie sich von den bet\u00f6renden Aromen des Elsass verf\u00fchren und lassen Sie sich von La Fignette zu einem h\u00f6chst angenehmen Erlebnis verf\u00fchren.<\/p>\n<\/div><\/div><\/div><div class=\"fusion-clearfix\"><\/div><\/div><\/div><div class=\"fusion-layout-column fusion_builder_column fusion-builder-column-2 fusion_builder_column_1_2 1_2 fusion-one-half fusion-column-last\" style=\"--awb-bg-size:cover;width:50%;width:calc(50% - ( ( 4% ) * 0.5 ) );\"><div class=\"fusion-column-wrapper fusion-flex-column-wrapper-legacy\"><div class=\"fusion-column-content-centered\"><div class=\"fusion-column-content\"><div class=\"fusion-image-element fusion-image-align-center in-legacy-container\" style=\"text-align:center;--awb-caption-title-font-family:var(--h2_typography-font-family);--awb-caption-title-font-weight:var(--h2_typography-font-weight);--awb-caption-title-font-style:var(--h2_typography-font-style);--awb-caption-title-size:var(--h2_typography-font-size);--awb-caption-title-transform:var(--h2_typography-text-transform);--awb-caption-title-line-height:var(--h2_typography-line-height);--awb-caption-title-letter-spacing:var(--h2_typography-letter-spacing);\"><div class=\"imageframe-align-center\"><span class=\" fusion-imageframe imageframe-none imageframe-1 hover-type-none\"><img decoding=\"async\" width=\"1000\" height=\"667\" alt=\"Salle principale du restaurant &quot;La Fignette&quot;\" title=\"Restaurant1\" src=\"https:\/\/lafignette.com\/wp-content\/uploads\/2023\/11\/Restaurant1.jpg\" class=\"img-responsive wp-image-2729\" srcset=\"https:\/\/lafignette.com\/wp-content\/uploads\/2023\/11\/Restaurant1-200x133.jpg 200w, https:\/\/lafignette.com\/wp-content\/uploads\/2023\/11\/Restaurant1-400x267.jpg 400w, https:\/\/lafignette.com\/wp-content\/uploads\/2023\/11\/Restaurant1-600x400.jpg 600w, https:\/\/lafignette.com\/wp-content\/uploads\/2023\/11\/Restaurant1-800x534.jpg 800w, https:\/\/lafignette.com\/wp-content\/uploads\/2023\/11\/Restaurant1.jpg 1000w\" sizes=\"(max-width: 768px) 100vw, 600px\" \/><\/span><\/div><\/div><\/div><\/div><div class=\"fusion-clearfix\"><\/div><\/div><\/div><\/div><\/div><div class=\"fusion-fullwidth fullwidth-box fusion-builder-row-2 nonhundred-percent-fullwidth non-hundred-percent-height-scrolling fusion-equal-height-columns fusion-no-large-visibility\" style=\"--awb-border-radius-top-left:0px;--awb-border-radius-top-right:0px;--awb-border-radius-bottom-right:0px;--awb-border-radius-bottom-left:0px;--awb-flex-wrap:wrap;\" ><div class=\"fusion-builder-row fusion-row\"><div class=\"fusion-layout-column fusion_builder_column fusion-builder-column-3 fusion_builder_column_1_1 1_1 fusion-one-full fusion-column-first fusion-column-last fusion-column-no-min-height\" style=\"--awb-bg-size:cover;\"><div class=\"fusion-column-wrapper fusion-flex-column-wrapper-legacy\"><div class=\"fusion-text fusion-text-4\"><h1 style=\"text-align: center;\">Das Restaurant<\/h1>\n<\/div><div class=\"fusion-text fusion-text-5\"><h2 style=\"text-align: center;\">Man isst dort genauso viel wie man lebt.<\/h2>\n<\/div><div class=\"fusion-sep-clear\"><\/div><div class=\"fusion-separator fusion-full-width-sep\" style=\"margin-left: auto;margin-right: auto;margin-top:50px;width:100%;\"><\/div><div class=\"fusion-sep-clear\"><\/div><div class=\"fusion-clearfix\"><\/div><\/div><\/div><div class=\"fusion-layout-column fusion_builder_column fusion-builder-column-4 fusion_builder_column_1_1 1_1 fusion-one-full fusion-column-first fusion-column-last\" style=\"--awb-bg-size:cover;\"><div class=\"fusion-column-wrapper fusion-flex-column-wrapper-legacy\"><div class=\"fusion-column-content-centered\"><div class=\"fusion-column-content\"><div class=\"fusion-text fusion-text-6\"><p style=\"text-align: justify;\">La Fignette ist wie ein guter Flammkuchen: Holzfeuer, lokale und frische Zutaten, eine Gruppe von Freunden um den Tisch herum, vielf\u00e4ltige und farbenfrohe Rezepte und jederzeit eine Gelegenheit, sich etwas Gutes zu g\u00f6nnen.<\/p>\n<p style=\"text-align: justify;\">La Fignette ist wie eine Nachbarschaftsveranstaltung, es gibt Stammg\u00e4ste und G\u00e4ste, es gibt einfache Dinge und verr\u00fcckte Experimente, es gibt etwas zum Sattwerden und Orte zum Ausruhen, es gibt das Fest und es gibt die Diskussionen, die am Vorabend begonnen haben, es gibt die Sonne, die einen weckt, und die Nacht der dritten Halbzeit.<\/p>\n<p style=\"text-align: justify;\">La Fignette ist ein Bistro in der Nachbarschaft, das den ganzen Tag und f\u00fcr die Welt ge\u00f6ffnet ist, wo der Reisende stets mit der Freude des Teilens empfangen wird und der Stammgast wie ein Freund. La Fignette ist ein St\u00fcck Elsass, das durch seine Vielfalt, seine Werte und seine F\u00e4higkeit, mehrere Sprachen zu sprechen, gepr\u00e4gt ist. Sie verteidigt ihre Geschm\u00e4cker und hat keine Angst, sie mit Gen\u00fcssen aus anderen L\u00e4ndern zu vermischen.<\/p>\n<p style=\"text-align: justify;\">Ihr Akzent, sie hat sich daf\u00fcr entschieden, ihn zu ihrem Stolz zu machen und ihn zu teilen, damit er vielf\u00e4ltig wird.<\/p>\n<\/div><\/div><\/div><div class=\"fusion-clearfix\"><\/div><\/div><\/div><\/div><\/div><div class=\"fusion-fullwidth fullwidth-box fusion-builder-row-3 nonhundred-percent-fullwidth non-hundred-percent-height-scrolling fusion-equal-height-columns\" style=\"--awb-border-radius-top-left:0px;--awb-border-radius-top-right:0px;--awb-border-radius-bottom-right:0px;--awb-border-radius-bottom-left:0px;--awb-margin-top:50px;--awb-margin-bottom:50px;--awb-flex-wrap:wrap;\" ><div class=\"fusion-builder-row fusion-row\"><div class=\"fusion-layout-column fusion_builder_column fusion-builder-column-5 fusion_builder_column_1_2 1_2 fusion-one-half fusion-column-first\" style=\"--awb-padding-bottom:50px;--awb-bg-size:cover;width:50%;width:calc(50% - ( ( 4% ) * 0.5 ) );margin-right: 4%;\"><div class=\"fusion-column-wrapper fusion-flex-column-wrapper-legacy\"><div class=\"fusion-column-content-centered\"><div class=\"fusion-column-content\"><div class=\"fusion-image-element in-legacy-container\" style=\"--awb-caption-title-font-family:var(--h2_typography-font-family);--awb-caption-title-font-weight:var(--h2_typography-font-weight);--awb-caption-title-font-style:var(--h2_typography-font-style);--awb-caption-title-size:var(--h2_typography-font-size);--awb-caption-title-transform:var(--h2_typography-text-transform);--awb-caption-title-line-height:var(--h2_typography-line-height);--awb-caption-title-letter-spacing:var(--h2_typography-letter-spacing);\"><span class=\" fusion-imageframe imageframe-none imageframe-2 hover-type-none\"><img decoding=\"async\" width=\"695\" height=\"1024\" alt=\"Phot d&#039;une carte de visite du restaurant &quot;La Fignette&quot;\" title=\"Restaurant2\" src=\"https:\/\/lafignette.com\/wp-content\/uploads\/2023\/11\/Restaurant2-695x1024.jpg\" class=\"img-responsive wp-image-2732\" srcset=\"https:\/\/lafignette.com\/wp-content\/uploads\/2023\/11\/Restaurant2-200x295.jpg 200w, https:\/\/lafignette.com\/wp-content\/uploads\/2023\/11\/Restaurant2-400x589.jpg 400w, https:\/\/lafignette.com\/wp-content\/uploads\/2023\/11\/Restaurant2-600x884.jpg 600w, https:\/\/lafignette.com\/wp-content\/uploads\/2023\/11\/Restaurant2-800x1178.jpg 800w, https:\/\/lafignette.com\/wp-content\/uploads\/2023\/11\/Restaurant2.jpg 1000w\" sizes=\"(max-width: 768px) 100vw, 600px\" \/><\/span><\/div><\/div><\/div><div class=\"fusion-clearfix\"><\/div><\/div><\/div><div class=\"fusion-layout-column fusion_builder_column fusion-builder-column-6 fusion_builder_column_1_2 1_2 fusion-one-half fusion-column-last\" style=\"--awb-bg-size:cover;width:50%;width:calc(50% - ( ( 4% ) * 0.5 ) );\"><div class=\"fusion-column-wrapper fusion-flex-column-wrapper-legacy\"><div class=\"fusion-column-content-centered\"><div class=\"fusion-column-content\"><div class=\"fusion-text fusion-text-7\"><h2 style=\"text-align: center;\">Nehmen Sie den els\u00e4ssischen Akzent an<\/h2>\n<\/div><div class=\"fusion-sep-clear\"><\/div><div class=\"fusion-separator fusion-full-width-sep\" style=\"margin-left: auto;margin-right: auto;margin-top:15px;width:100%;\"><\/div><div class=\"fusion-sep-clear\"><\/div><div class=\"fusion-text fusion-text-8\"><p style=\"text-align: center;\">\n<table id=\"tablepress-16\" class=\"tablepress tablepress-id-16\">\n<tbody>\n<tr class=\"row-1\">\n\t<td class=\"column-1\"><strong>A<\/strong> : A<\/td><td class=\"column-2\"><strong>B<\/strong> : P<\/td><td class=\"column-3\"><strong>C<\/strong> : C<\/td><td class=\"column-4\"><strong>D <\/strong>: T<\/td>\n<\/tr>\n<tr class=\"row-2\">\n\t<td class=\"column-1\"><strong>E<\/strong> : E<\/td><td class=\"column-2\"><strong>F <\/strong>: F<\/td><td class=\"column-3\"><strong>G<\/strong> : Ch\u00e9<\/td><td class=\"column-4\"><strong>H<\/strong> : Hache<\/td>\n<\/tr>\n<tr class=\"row-3\">\n\t<td class=\"column-1\"><strong>I<\/strong> : I<\/td><td class=\"column-2\"><strong>J<\/strong> : Chi<\/td><td class=\"column-3\"><strong>K<\/strong> : K<\/td><td class=\"column-4\"><strong>L<\/strong> : L<\/td>\n<\/tr>\n<tr class=\"row-4\">\n\t<td class=\"column-1\"><strong>M<\/strong> : M<\/td><td class=\"column-2\"><strong>N<\/strong> : N<\/td><td class=\"column-3\"><strong>O<\/strong> : O<\/td><td class=\"column-4\"><strong>P<\/strong> : P<\/td>\n<\/tr>\n<tr class=\"row-5\">\n\t<td class=\"column-1\"><strong>Q<\/strong> : Q<\/td><td class=\"column-2\"><strong>R<\/strong> : R<\/td><td class=\"column-3\"><strong>S<\/strong> : S<\/td><td class=\"column-4\"><strong>T <\/strong>: T<\/td>\n<\/tr>\n<tr class=\"row-6\">\n\t<td class=\"column-1\"><strong>U<\/strong> : U<\/td><td class=\"column-2\"><strong>V<\/strong> : F\u00e9e<\/td><td class=\"column-3\"><strong>W<\/strong> : Touple-f\u00e9e<\/td><td class=\"column-4\"><strong>X<\/strong> : X<\/td>\n<\/tr>\n<tr class=\"row-7\">\n\t<td class=\"column-1\"><strong>Y<\/strong> : YKREK<\/td><td class=\"column-2\"><strong>Z<\/strong> : Set<\/td><td class=\"column-3\"><\/td><td class=\"column-4\"><\/td>\n<\/tr>\n<\/tbody>\n<\/table>\n<!-- #tablepress-16 from cache --><\/p>\n<\/div><\/div><\/div><div class=\"fusion-clearfix\"><\/div><\/div><\/div><\/div><\/div><div class=\"fusion-fullwidth fullwidth-box fusion-builder-row-4 nonhundred-percent-fullwidth non-hundred-percent-height-scrolling\" style=\"--awb-border-radius-top-left:0px;--awb-border-radius-top-right:0px;--awb-border-radius-bottom-right:0px;--awb-border-radius-bottom-left:0px;--awb-margin-top:20px;--awb-flex-wrap:wrap;\" ><div class=\"fusion-builder-row fusion-row\"><div class=\"fusion-layout-column fusion_builder_column fusion-builder-column-7 fusion_builder_column_1_1 1_1 fusion-one-full fusion-column-first fusion-column-last\" style=\"--awb-bg-size:cover;\"><div class=\"fusion-column-wrapper fusion-flex-column-wrapper-legacy\"><div class=\"fusion-text fusion-text-9\"><h2 style=\"text-align: center;\">Das ist der Stammtisch,<\/h2>\n<h2 style=\"text-align: center;\">der Durchreisenden, die, die man teilt&#8230;<\/h2>\n<\/div><div class=\"fusion-sep-clear\"><\/div><div class=\"fusion-separator fusion-full-width-sep\" style=\"margin-left: auto;margin-right: auto;margin-top:50px;width:100%;\"><\/div><div class=\"fusion-sep-clear\"><\/div><div class=\"fusion-clearfix\"><\/div><\/div><\/div><\/div><\/div><div class=\"fusion-fullwidth fullwidth-box fusion-builder-row-5 nonhundred-percent-fullwidth non-hundred-percent-height-scrolling fusion-equal-height-columns\" style=\"--awb-border-radius-top-left:0px;--awb-border-radius-top-right:0px;--awb-border-radius-bottom-right:0px;--awb-border-radius-bottom-left:0px;--awb-margin-top:50px;--awb-margin-bottom:50px;--awb-flex-wrap:wrap;\" ><div class=\"fusion-builder-row fusion-row\"><div class=\"fusion-layout-column fusion_builder_column fusion-builder-column-8 fusion_builder_column_1_2 1_2 fusion-one-half fusion-column-first\" style=\"--awb-bg-size:cover;--awb-margin-bottom:0px;width:50%;width:calc(50% - ( ( 0% ) * 0.5 ) );margin-right: 0%;\"><div class=\"fusion-column-wrapper fusion-flex-column-wrapper-legacy\"><div class=\"fusion-image-element in-legacy-container\" style=\"--awb-caption-title-font-family:var(--h2_typography-font-family);--awb-caption-title-font-weight:var(--h2_typography-font-weight);--awb-caption-title-font-style:var(--h2_typography-font-style);--awb-caption-title-size:var(--h2_typography-font-size);--awb-caption-title-transform:var(--h2_typography-text-transform);--awb-caption-title-line-height:var(--h2_typography-line-height);--awb-caption-title-letter-spacing:var(--h2_typography-letter-spacing);\"><span class=\" fusion-imageframe imageframe-none imageframe-3 hover-type-none\"><img decoding=\"async\" width=\"1000\" height=\"667\" title=\"Restaurant4\" src=\"https:\/\/lafignette.com\/wp-content\/uploads\/2023\/11\/Restaurant4.jpg\" alt class=\"img-responsive wp-image-2738\" srcset=\"https:\/\/lafignette.com\/wp-content\/uploads\/2023\/11\/Restaurant4-200x133.jpg 200w, https:\/\/lafignette.com\/wp-content\/uploads\/2023\/11\/Restaurant4-400x267.jpg 400w, https:\/\/lafignette.com\/wp-content\/uploads\/2023\/11\/Restaurant4-600x400.jpg 600w, https:\/\/lafignette.com\/wp-content\/uploads\/2023\/11\/Restaurant4-800x534.jpg 800w, https:\/\/lafignette.com\/wp-content\/uploads\/2023\/11\/Restaurant4.jpg 1000w\" sizes=\"(max-width: 768px) 100vw, 800px\" \/><\/span><\/div><div class=\"fusion-clearfix\"><\/div><\/div><\/div><div class=\"fusion-layout-column fusion_builder_column fusion-builder-column-9 fusion_builder_column_1_2 1_2 fusion-one-half fusion-column-last\" style=\"--awb-bg-size:cover;width:50%;width:calc(50% - ( ( 0% ) * 0.5 ) );\"><div class=\"fusion-column-wrapper fusion-column-has-shadow fusion-flex-column-wrapper-legacy\"><div class=\"fusion-image-element in-legacy-container\" style=\"--awb-caption-title-font-family:var(--h2_typography-font-family);--awb-caption-title-font-weight:var(--h2_typography-font-weight);--awb-caption-title-font-style:var(--h2_typography-font-style);--awb-caption-title-size:var(--h2_typography-font-size);--awb-caption-title-transform:var(--h2_typography-text-transform);--awb-caption-title-line-height:var(--h2_typography-line-height);--awb-caption-title-letter-spacing:var(--h2_typography-letter-spacing);\"><span class=\" fusion-imageframe imageframe-none imageframe-4 hover-type-none\"><img decoding=\"async\" width=\"1000\" height=\"667\" alt=\"Photo de nuit de la terrasse du restaurant &quot;La Fignette&quot;\" title=\"Restaurant3\" src=\"https:\/\/lafignette.com\/wp-content\/uploads\/2023\/11\/Restaurant3.jpg\" class=\"img-responsive wp-image-2799\" srcset=\"https:\/\/lafignette.com\/wp-content\/uploads\/2023\/11\/Restaurant3-200x133.jpg 200w, https:\/\/lafignette.com\/wp-content\/uploads\/2023\/11\/Restaurant3-400x267.jpg 400w, https:\/\/lafignette.com\/wp-content\/uploads\/2023\/11\/Restaurant3-600x400.jpg 600w, https:\/\/lafignette.com\/wp-content\/uploads\/2023\/11\/Restaurant3-800x534.jpg 800w, https:\/\/lafignette.com\/wp-content\/uploads\/2023\/11\/Restaurant3.jpg 1000w\" sizes=\"(max-width: 768px) 100vw, 800px\" \/><\/span><\/div><div class=\"fusion-clearfix\"><\/div><\/div><\/div><\/div><\/div><\/p>\n","protected":false},"excerpt":{"rendered":"","protected":false},"author":3,"featured_media":0,"parent":0,"menu_order":0,"comment_status":"closed","ping_status":"closed","template":"100-width.php","meta":{"footnotes":""},"class_list":["post-2099","page","type-page","status-publish","hentry"],"yoast_head":"<!-- This site is optimized with the Yoast SEO plugin v27.5 - https:\/\/yoast.com\/product\/yoast-seo-wordpress\/ -->\n<title>DAS RESTAURANT | LA FIGNETTE<\/title>\n<meta name=\"description\" content=\"Im Restaurant LA FIGNETTE isst man so viel wie man lebt. Es ist der Tisch der Stammg\u00e4ste, der Durchreisenden, der Tisch, den man teilt...\" \/>\n<meta name=\"robots\" content=\"index, follow, max-snippet:-1, max-image-preview:large, max-video-preview:-1\" \/>\n<link rel=\"canonical\" href=\"https:\/\/lafignette.com\/de\/das-restaurant\/\" \/>\n<meta property=\"og:locale\" content=\"de_DE\" \/>\n<meta property=\"og:type\" content=\"article\" \/>\n<meta property=\"og:title\" content=\"DAS RESTAURANT | LA FIGNETTE\" \/>\n<meta property=\"og:description\" content=\"Im Restaurant LA FIGNETTE isst man so viel wie man lebt. Es ist der Tisch der Stammg\u00e4ste, der Durchreisenden, der Tisch, den man teilt...\" \/>\n<meta property=\"og:url\" content=\"https:\/\/lafignette.com\/de\/das-restaurant\/\" \/>\n<meta property=\"og:site_name\" content=\"LA FIGNETTE\" \/>\n<meta property=\"article:modified_time\" content=\"2023-11-28T17:11:45+00:00\" \/>\n<meta name=\"twitter:card\" content=\"summary_large_image\" \/>\n<meta name=\"twitter:label1\" content=\"Gesch\u00e4tzte Lesezeit\" \/>\n\t<meta name=\"twitter:data1\" content=\"10\u00a0Minuten\" \/>\n<script type=\"application\/ld+json\" class=\"yoast-schema-graph\">{\"@context\":\"https:\\\/\\\/schema.org\",\"@graph\":[{\"@type\":\"WebPage\",\"@id\":\"https:\\\/\\\/lafignette.com\\\/de\\\/das-restaurant\\\/\",\"url\":\"https:\\\/\\\/lafignette.com\\\/de\\\/das-restaurant\\\/\",\"name\":\"DAS RESTAURANT | LA FIGNETTE\",\"isPartOf\":{\"@id\":\"https:\\\/\\\/lafignette.com\\\/#website\"},\"datePublished\":\"2018-03-16T10:21:02+00:00\",\"dateModified\":\"2023-11-28T17:11:45+00:00\",\"description\":\"Im Restaurant LA FIGNETTE isst man so viel wie man lebt. Es ist der Tisch der Stammg\u00e4ste, der Durchreisenden, der Tisch, den man teilt...\",\"breadcrumb\":{\"@id\":\"https:\\\/\\\/lafignette.com\\\/de\\\/das-restaurant\\\/#breadcrumb\"},\"inLanguage\":\"de\",\"potentialAction\":[{\"@type\":\"ReadAction\",\"target\":[\"https:\\\/\\\/lafignette.com\\\/de\\\/das-restaurant\\\/\"]}]},{\"@type\":\"BreadcrumbList\",\"@id\":\"https:\\\/\\\/lafignette.com\\\/de\\\/das-restaurant\\\/#breadcrumb\",\"itemListElement\":[{\"@type\":\"ListItem\",\"position\":1,\"name\":\"Accueil\",\"item\":\"https:\\\/\\\/lafignette.com\\\/de\\\/startseite\\\/\"},{\"@type\":\"ListItem\",\"position\":2,\"name\":\"DAS RESTAURANT\"}]},{\"@type\":\"WebSite\",\"@id\":\"https:\\\/\\\/lafignette.com\\\/#website\",\"url\":\"https:\\\/\\\/lafignette.com\\\/\",\"name\":\"LA FIGNETTE\",\"description\":\"Bistrot \u00e0 l&#039;accent alsacien\",\"potentialAction\":[{\"@type\":\"SearchAction\",\"target\":{\"@type\":\"EntryPoint\",\"urlTemplate\":\"https:\\\/\\\/lafignette.com\\\/?s={search_term_string}\"},\"query-input\":{\"@type\":\"PropertyValueSpecification\",\"valueRequired\":true,\"valueName\":\"search_term_string\"}}],\"inLanguage\":\"de\"}]}<\/script>\n<!-- \/ Yoast SEO plugin. -->","yoast_head_json":{"title":"DAS RESTAURANT | LA FIGNETTE","description":"Im Restaurant LA FIGNETTE isst man so viel wie man lebt. Es ist der Tisch der Stammg\u00e4ste, der Durchreisenden, der Tisch, den man teilt...","robots":{"index":"index","follow":"follow","max-snippet":"max-snippet:-1","max-image-preview":"max-image-preview:large","max-video-preview":"max-video-preview:-1"},"canonical":"https:\/\/lafignette.com\/de\/das-restaurant\/","og_locale":"de_DE","og_type":"article","og_title":"DAS RESTAURANT | LA FIGNETTE","og_description":"Im Restaurant LA FIGNETTE isst man so viel wie man lebt. Es ist der Tisch der Stammg\u00e4ste, der Durchreisenden, der Tisch, den man teilt...","og_url":"https:\/\/lafignette.com\/de\/das-restaurant\/","og_site_name":"LA FIGNETTE","article_modified_time":"2023-11-28T17:11:45+00:00","twitter_card":"summary_large_image","twitter_misc":{"Gesch\u00e4tzte Lesezeit":"10\u00a0Minuten"},"schema":{"@context":"https:\/\/schema.org","@graph":[{"@type":"WebPage","@id":"https:\/\/lafignette.com\/de\/das-restaurant\/","url":"https:\/\/lafignette.com\/de\/das-restaurant\/","name":"DAS RESTAURANT | LA FIGNETTE","isPartOf":{"@id":"https:\/\/lafignette.com\/#website"},"datePublished":"2018-03-16T10:21:02+00:00","dateModified":"2023-11-28T17:11:45+00:00","description":"Im Restaurant LA FIGNETTE isst man so viel wie man lebt. Es ist der Tisch der Stammg\u00e4ste, der Durchreisenden, der Tisch, den man teilt...","breadcrumb":{"@id":"https:\/\/lafignette.com\/de\/das-restaurant\/#breadcrumb"},"inLanguage":"de","potentialAction":[{"@type":"ReadAction","target":["https:\/\/lafignette.com\/de\/das-restaurant\/"]}]},{"@type":"BreadcrumbList","@id":"https:\/\/lafignette.com\/de\/das-restaurant\/#breadcrumb","itemListElement":[{"@type":"ListItem","position":1,"name":"Accueil","item":"https:\/\/lafignette.com\/de\/startseite\/"},{"@type":"ListItem","position":2,"name":"DAS RESTAURANT"}]},{"@type":"WebSite","@id":"https:\/\/lafignette.com\/#website","url":"https:\/\/lafignette.com\/","name":"LA FIGNETTE","description":"Bistrot \u00e0 l&#039;accent alsacien","potentialAction":[{"@type":"SearchAction","target":{"@type":"EntryPoint","urlTemplate":"https:\/\/lafignette.com\/?s={search_term_string}"},"query-input":{"@type":"PropertyValueSpecification","valueRequired":true,"valueName":"search_term_string"}}],"inLanguage":"de"}]}},"_links":{"self":[{"href":"https:\/\/lafignette.com\/de\/wp-json\/wp\/v2\/pages\/2099","targetHints":{"allow":["GET"]}}],"collection":[{"href":"https:\/\/lafignette.com\/de\/wp-json\/wp\/v2\/pages"}],"about":[{"href":"https:\/\/lafignette.com\/de\/wp-json\/wp\/v2\/types\/page"}],"author":[{"embeddable":true,"href":"https:\/\/lafignette.com\/de\/wp-json\/wp\/v2\/users\/3"}],"replies":[{"embeddable":true,"href":"https:\/\/lafignette.com\/de\/wp-json\/wp\/v2\/comments?post=2099"}],"version-history":[{"count":15,"href":"https:\/\/lafignette.com\/de\/wp-json\/wp\/v2\/pages\/2099\/revisions"}],"predecessor-version":[{"id":2804,"href":"https:\/\/lafignette.com\/de\/wp-json\/wp\/v2\/pages\/2099\/revisions\/2804"}],"wp:attachment":[{"href":"https:\/\/lafignette.com\/de\/wp-json\/wp\/v2\/media?parent=2099"}],"curies":[{"name":"wp","href":"https:\/\/api.w.org\/{rel}","templated":true}]}}